{"id":817,"date":"2025-01-13T11:14:28","date_gmt":"2025-01-13T11:14:28","guid":{"rendered":"https:\/\/gokcinonur.site\/karbon\/?page_id=817"},"modified":"2025-01-27T05:41:49","modified_gmt":"2025-01-27T05:41:49","slug":"contact","status":"publish","type":"page","link":"https:\/\/karbonltd.com\/tr\/contact\/","title":{"rendered":"\u0130leti\u015fim"},"content":{"rendered":"<div data-elementor-type=\"wp-page\" data-elementor-id=\"817\" class=\"elementor elementor-817\" data-elementor-post-type=\"page\">\n\t\t\t\t<div class=\"elementor-element elementor-element-01f000b e-con-full e-flex e-con e-parent\" data-id=\"01f000b\" data-element_type=\"container\" data-settings=\"{&quot;background_background&quot;:&quot;classic&quot;}\">\n\t\t<div class=\"elementor-element elementor-element-d83302a e-con-full e-flex e-con e-child\" data-id=\"d83302a\" data-element_type=\"container\">\n\t\t\t\t<div class=\"elementor-element elementor-element-d4f0721 elementor-widget elementor-widget-heading\" data-id=\"d4f0721\" data-element_type=\"widget\" data-widget_type=\"heading.default\">\n\t\t\t\t<div class=\"elementor-widget-container\">\n\t\t\t\t\t<h1 class=\"elementor-heading-title elementor-size-default\">\u0130leti\u015fim<\/h1>\t\t\t\t<\/div>\n\t\t\t\t<\/div>\n\t\t\t\t<div class=\"elementor-element elementor-element-03a0916 elementor-widget elementor-widget-spacer\" data-id=\"03a0916\" data-element_type=\"widget\" data-widget_type=\"spacer.default\">\n\t\t\t\t<div class=\"elementor-widget-container\">\n\t\t\t\t\t\t\t<div class=\"elementor-spacer\">\n\t\t\t<div class=\"elementor-spacer-inner\"><\/div>\n\t\t<\/div>\n\t\t\t\t\t\t<\/div>\n\t\t\t\t<\/div>\n\t\t\t\t<div class=\"elementor-element elementor-element-608e8f8 elementor-icon-list--layout-traditional elementor-list-item-link-full_width elementor-widget elementor-widget-icon-list\" data-id=\"608e8f8\" data-element_type=\"widget\" data-widget_type=\"icon-list.default\">\n\t\t\t\t<div class=\"elementor-widget-container\">\n\t\t\t\t\t\t\t<ul class=\"elementor-icon-list-items\">\n\t\t\t\t\t\t\t<li class=\"elementor-icon-list-item\">\n\t\t\t\t\t\t\t\t\t\t\t<a href=\"https:\/\/maps.app.goo.gl\/oytzRdPV1KRkL9QA9\" target=\"_blank\" rel=\"noopener\">\n\n\t\t\t\t\t\t\t\t\t\t\t\t<span class=\"elementor-icon-list-icon\">\n\t\t\t\t\t\t\t<svg xmlns=\"http:\/\/www.w3.org\/2000\/svg\" height=\"32\" width=\"32\" viewbox=\"0 0 32 32\"><title>home 3<\/title><g stroke-linejoin=\"miter\" fill=\"#212121\" stroke-linecap=\"butt\" class=\"nc-icon-wrapper\"><polyline points=\"2 13 16 2 30 13\" fill=\"none\" stroke=\"#212121\" stroke-linecap=\"square\" stroke-miterlimit=\"10\" stroke-width=\"2\"><\/polyline><polyline points=\"13 29 13 20 19 20 19 29\" fill=\"none\" stroke=\"#212121\" stroke-miterlimit=\"10\" stroke-width=\"2\" data-color=\"color-2\"><\/polyline><path d=\"m5,16v10c0,1.657,1.343,3,3,3h16c1.657,0,3-1.343,3-3v-10\" fill=\"none\" stroke=\"#212121\" stroke-linecap=\"square\" stroke-miterlimit=\"10\" stroke-width=\"2\"><\/path><\/g><\/svg>\t\t\t\t\t\t<\/span>\n\t\t\t\t\t\t\t\t\t\t<span class=\"elementor-icon-list-text\">Ba\u011fdat Cd. No:168 Kad\u0131k\u00f6y, Istanbul, Turkey 34726<\/span>\n\t\t\t\t\t\t\t\t\t\t\t<\/a>\n\t\t\t\t\t\t\t\t\t<\/li>\n\t\t\t\t\t\t\t\t<li class=\"elementor-icon-list-item\">\n\t\t\t\t\t\t\t\t\t\t\t<span class=\"elementor-icon-list-icon\">\n\t\t\t\t\t\t\t<svg xmlns=\"http:\/\/www.w3.org\/2000\/svg\" height=\"32\" width=\"32\" viewbox=\"0 0 32 32\"><title>phone call 3<\/title><g stroke-linejoin=\"miter\" fill=\"#212121\" stroke-linecap=\"butt\" class=\"nc-icon-wrapper\"><path d=\"m21.383,18.274l-3.174,3.969c-3.491-2.052-6.4-4.961-8.451-8.451l3.97-3.176L9.901,1.999l-6.462,1.676c-.944.247-1.555,1.161-1.421,2.127,1.763,12.552,11.628,22.417,24.179,24.179.966.133,1.88-.477,2.126-1.421l1.676-6.46-8.617-3.826Z\" fill=\"none\" stroke=\"#212121\" stroke-linecap=\"square\" stroke-miterlimit=\"10\" stroke-width=\"2\"><\/path><path d=\"m19,8c2.761,0,5,2.239,5,5\" fill=\"none\" stroke=\"#212121\" stroke-linecap=\"square\" stroke-miterlimit=\"10\" stroke-width=\"2\" data-color=\"color-2\"><\/path><path d=\"m19,3c5.523,0,10,4.477,10,10\" fill=\"none\" stroke=\"#212121\" stroke-linecap=\"square\" stroke-miterlimit=\"10\" stroke-width=\"2\" data-color=\"color-2\"><\/path><\/g><\/svg>\t\t\t\t\t\t<\/span>\n\t\t\t\t\t\t\t\t\t\t<span class=\"elementor-icon-list-text\">0533 305 4398<\/span>\n\t\t\t\t\t\t\t\t\t<\/li>\n\t\t\t\t\t\t\t\t<li class=\"elementor-icon-list-item\">\n\t\t\t\t\t\t\t\t\t\t\t<span class=\"elementor-icon-list-icon\">\n\t\t\t\t\t\t\t<svg xmlns=\"http:\/\/www.w3.org\/2000\/svg\" height=\"32\" width=\"32\" viewbox=\"0 0 32 32\"><title>at sign 3<\/title><g stroke-linejoin=\"miter\" fill=\"#212121\" stroke-linecap=\"butt\" class=\"nc-icon-wrapper\"><circle cx=\"16\" cy=\"16\" r=\"6\" fill=\"none\" stroke=\"#212121\" stroke-linecap=\"square\" stroke-miterlimit=\"10\" stroke-width=\"2\" data-color=\"color-2\"><\/circle><path d=\"m20.2,29.359c-1.326.416-2.737.641-4.2.641-7.732,0-14-6.268-14-14S8.268,2,16,2s14,6.344,14,14c0,4.105-2.18,6-4.5,6s-3.5-2-3.5-5v-7\" fill=\"none\" stroke=\"#212121\" stroke-linecap=\"square\" stroke-miterlimit=\"10\" stroke-width=\"2\"><\/path><\/g><\/svg>\t\t\t\t\t\t<\/span>\n\t\t\t\t\t\t\t\t\t\t<span class=\"elementor-icon-list-text\">info@karbonltd.com<\/span>\n\t\t\t\t\t\t\t\t\t<\/li>\n\t\t\t\t\t\t<\/ul>\n\t\t\t\t\t\t<\/div>\n\t\t\t\t<\/div>\n\t\t\t\t<div class=\"elementor-element elementor-element-dce7a33 elementor-widget elementor-widget-spacer\" data-id=\"dce7a33\" data-element_type=\"widget\" data-widget_type=\"spacer.default\">\n\t\t\t\t<div class=\"elementor-widget-container\">\n\t\t\t\t\t\t\t<div class=\"elementor-spacer\">\n\t\t\t<div class=\"elementor-spacer-inner\"><\/div>\n\t\t<\/div>\n\t\t\t\t\t\t<\/div>\n\t\t\t\t<\/div>\n\t\t\t\t<div class=\"elementor-element elementor-element-d346f1d elementor-widget elementor-widget-form\" data-id=\"d346f1d\" data-element_type=\"widget\" data-settings=\"{&quot;step_next_label&quot;:&quot;Next&quot;,&quot;step_previous_label&quot;:&quot;Previous&quot;,&quot;button_width&quot;:&quot;100&quot;,&quot;step_type&quot;:&quot;number_text&quot;,&quot;step_icon_shape&quot;:&quot;circle&quot;}\" data-widget_type=\"form.default\">\n\t\t\t\t<div class=\"elementor-widget-container\">\n\t\t\t\t\t\t\t<form class=\"elementor-form\" method=\"post\" name=\"New Form\" aria-label=\"New Form\" action=\"\">\n\t\t\t<input type=\"hidden\" name=\"post_id\" value=\"817\"\/>\n\t\t\t<input type=\"hidden\" name=\"form_id\" value=\"d346f1d\"\/>\n\t\t\t<input type=\"hidden\" name=\"referer_title\" value=\"Contact | Karbon\" \/>\n\n\t\t\t\t\t\t\t<input type=\"hidden\" name=\"queried_id\" value=\"817\"\/>\n\t\t\t\n\t\t\t<div class=\"elementor-form-fields-wrapper elementor-labels-\">\n\t\t\t\t\t\t\t\t<div class=\"elementor-field-type-text elementor-field-group elementor-column elementor-field-group-name elementor-col-100\">\n\t\t\t\t\t\t\t\t\t\t\t\t<label for=\"form-field-name\" class=\"elementor-field-label elementor-screen-only\">\n\t\t\t\t\t\t\t\tAd &amp; Soyad\t\t\t\t\t\t\t<\/label>\n\t\t\t\t\t\t\t\t\t\t\t\t\t\t<input size=\"1\" type=\"text\" name=\"form_fields[name]\" id=\"form-field-name\" class=\"elementor-field elementor-size-sm  elementor-field-textual\" placeholder=\"Ad &amp; Soyad\">\n\t\t\t\t\t\t\t\t\t\t\t<\/div>\n\t\t\t\t\t\t\t\t<div class=\"elementor-field-type-email elementor-field-group elementor-column elementor-field-group-email elementor-col-100 elementor-field-required\">\n\t\t\t\t\t\t\t\t\t\t\t\t<label for=\"form-field-email\" class=\"elementor-field-label elementor-screen-only\">\n\t\t\t\t\t\t\t\tE-Posta\t\t\t\t\t\t\t<\/label>\n\t\t\t\t\t\t\t\t\t\t\t\t\t\t<input size=\"1\" type=\"email\" name=\"form_fields[email]\" id=\"form-field-email\" class=\"elementor-field elementor-size-sm  elementor-field-textual\" placeholder=\"E-Posta\" required=\"required\">\n\t\t\t\t\t\t\t\t\t\t\t<\/div>\n\t\t\t\t\t\t\t\t<div class=\"elementor-field-type-textarea elementor-field-group elementor-column elementor-field-group-message elementor-col-100\">\n\t\t\t\t\t\t\t\t\t\t\t\t<label for=\"form-field-message\" class=\"elementor-field-label elementor-screen-only\">\n\t\t\t\t\t\t\t\tMesaj\t\t\t\t\t\t\t<\/label>\n\t\t\t\t\t\t<textarea class=\"elementor-field-textual elementor-field  elementor-size-sm\" name=\"form_fields[message]\" id=\"form-field-message\" rows=\"4\" placeholder=\"Mesaj\"><\/textarea>\t\t\t\t<\/div>\n\t\t\t\t\t\t\t\t<div class=\"elementor-field-type-html elementor-field-group elementor-column elementor-field-group-field_d7649bb elementor-col-100\">\n\t\t\t\t\t<div class=\"recapv3\">\n    <img decoding=\"async\" class=\"ls-is-cached\" width=\"28\" height=\"28\" src=\"https:\/\/www.gstatic.com\/recaptcha\/api2\/logo_48.png?width=28&height=28\" data-src=\"https:\/\/www.gstatic.com\/recaptcha\/api2\/logo_48.png?width=28&amp;height=28\">\n    <label>Protected by reCAPTCHA<br><a href=\"https:\/\/policies.google.com\/privacy\" target=\"_blank\" rel=\"noopener\">Privacy <\/a> - <a href=\"https:\/\/policies.google.com\/terms\" target=\"_blank\" rel=\"noopener\">Terms<\/a><\/label>\n<\/div>\t\t\t\t<\/div>\n\t\t\t\t\t\t\t\t<div class=\"elementor-field-type-recaptcha_v3 elementor-field-group elementor-column elementor-field-group-field_977ff1f elementor-col-100 recaptcha_v3-inline\">\n\t\t\t\t\t<div class=\"elementor-field\" id=\"form-field-field_977ff1f\"><div class=\"elementor-g-recaptcha\" data-sitekey=\"6LczrLgqAAAAAOR2lNp-I09J79jVdLsewfgZ64fY\" data-type=\"v3\" data-action=\"Form\" data-badge=\"inline\" data-size=\"invisible\"><\/div><\/div>\t\t\t\t<\/div>\n\t\t\t\t\t\t\t\t<div class=\"elementor-field-group elementor-column elementor-field-type-submit elementor-col-100 e-form__buttons\">\n\t\t\t\t\t<button class=\"elementor-button elementor-size-sm\" type=\"submit\">\n\t\t\t\t\t\t<span class=\"elementor-button-content-wrapper\">\n\t\t\t\t\t\t\t\t\t\t\t\t\t\t\t\t\t\t\t\t\t\t<span class=\"elementor-button-text\">G\u00f6nder<\/span>\n\t\t\t\t\t\t\t\t\t\t\t\t\t<\/span>\n\t\t\t\t\t<\/button>\n\t\t\t\t<\/div>\n\t\t\t<\/div>\n\t\t<input type=\"hidden\" name=\"trp-form-language\" value=\"tr\"\/><\/form>\n\t\t\t\t\t\t<\/div>\n\t\t\t\t<\/div>\n\t\t\t\t<\/div>\n\t\t<div class=\"elementor-element elementor-element-d88aad9 e-con-full elementor-hidden-tablet elementor-hidden-mobile e-flex e-con e-child\" data-id=\"d88aad9\" data-element_type=\"container\">\n\t\t\t\t<div class=\"elementor-element elementor-element-fa9be72 elementor-widget elementor-widget-google_maps\" data-id=\"fa9be72\" data-element_type=\"widget\" data-widget_type=\"google_maps.default\">\n\t\t\t\t<div class=\"elementor-widget-container\">\n\t\t\t\t\t\t\t<div class=\"elementor-custom-embed\">\n\t\t\t<iframe loading=\"lazy\"\n\t\t\t\t\tsrc=\"https:\/\/maps.google.com\/maps?q=Karbon%20Visual%20Communication&#038;t=m&#038;z=13&#038;output=embed&#038;iwloc=near\"\n\t\t\t\t\ttitle=\"Karbon Visual Communication\"\n\t\t\t\t\taria-label=\"Karbon Visual Communication\"\n\t\t\t><\/iframe>\n\t\t<\/div>\n\t\t\t\t\t\t<\/div>\n\t\t\t\t<\/div>\n\t\t\t\t<\/div>\n\t\t\t\t<\/div>\n\t\t\t\t<\/div>","protected":false},"excerpt":{"rendered":"<p>Contact home 3 Ba\u011fdat Cd. No:168 Kad\u0131k\u00f6y, Istanbul, Turkey 34726 phone call 3 0533 305 4398 at sign 3 info@karbonltd.com<\/p>","protected":false},"author":1,"featured_media":0,"parent":0,"menu_order":0,"comment_status":"closed","ping_status":"closed","template":"","meta":{"footnotes":""},"class_list":["post-817","page","type-page","status-publish","hentry"],"_links":{"self":[{"href":"https:\/\/karbonltd.com\/tr\/wp-json\/wp\/v2\/pages\/817","targetHints":{"allow":["GET"]}}],"collection":[{"href":"https:\/\/karbonltd.com\/tr\/wp-json\/wp\/v2\/pages"}],"about":[{"href":"https:\/\/karbonltd.com\/tr\/wp-json\/wp\/v2\/types\/page"}],"author":[{"embeddable":true,"href":"https:\/\/karbonltd.com\/tr\/wp-json\/wp\/v2\/users\/1"}],"replies":[{"embeddable":true,"href":"https:\/\/karbonltd.com\/tr\/wp-json\/wp\/v2\/comments?post=817"}],"version-history":[{"count":37,"href":"https:\/\/karbonltd.com\/tr\/wp-json\/wp\/v2\/pages\/817\/revisions"}],"predecessor-version":[{"id":1116,"href":"https:\/\/karbonltd.com\/tr\/wp-json\/wp\/v2\/pages\/817\/revisions\/1116"}],"wp:attachment":[{"href":"https:\/\/karbonltd.com\/tr\/wp-json\/wp\/v2\/media?parent=817"}],"curies":[{"name":"wp","href":"https:\/\/api.w.org\/{rel}","templated":true}]}}